{"id":471,"date":"2017-12-29T21:27:22","date_gmt":"2017-12-30T03:27:22","guid":{"rendered":"http:\/\/transportescastaneda.com\/?page_id=471"},"modified":"2017-12-30T17:25:48","modified_gmt":"2017-12-30T23:25:48","slug":"inicio","status":"publish","type":"page","link":"http:\/\/transportescastaneda.com\/en\/","title":{"rendered":"Home"},"content":{"rendered":"<div id=\"pl-471\"  class=\"panel-layout\" ><div id=\"pg-471-0\"  class=\"panel-grid panel-no-style\" ><div id=\"pgc-471-0-0\"  class=\"panel-grid-cell panel-grid-cell-empty\" ><\/div><\/div><div id=\"pg-471-1\"  class=\"panel-grid panel-no-style\" ><div id=\"pgc-471-1-0\"  class=\"panel-grid-cell\" ><div id=\"panel-471-1-0-0\" class=\"so-panel widget widget_sow-slider panel-first-child panel-last-child\" data-index=\"0\" ><div class=\"so-widget-sow-slider so-widget-sow-slider-default-53fd0f98de19-471\"><div class=\"sow-slider-base\" style=\"display: none\"><ul class=\"sow-slider-images\" data-settings=\"{&quot;pagination&quot;:true,&quot;speed&quot;:800,&quot;timeout&quot;:8000,&quot;paused&quot;:false,&quot;pause_on_hover&quot;:false,&quot;swipe&quot;:true,&quot;nav_always_show_desktop&quot;:&quot;&quot;,&quot;nav_always_show_mobile&quot;:&quot;&quot;,&quot;breakpoint&quot;:&quot;780px&quot;,&quot;unmute&quot;:false,&quot;anchor&quot;:null}\">\t\t<li class=\"sow-slider-image\" style=\"\" >\n\t\t\t\t\t\t<div class=\"sow-slider-image-container\">\n\t\t\t\t<div class=\"sow-slider-image-wrapper\" style=\"max-width: 962px\">\n\t\t\t\t\t\t\t\t\t\t<div class=\"sow-slider-image-foreground-wrapper\">\n\t\t\t\t\t\t<img width=\"962\" height=\"376\" src=\"http:\/\/transportescastaneda.com\/wp-content\/uploads\/2016\/03\/slide1.jpg\" class=\"sow-slider-foreground-image skip-lazy\" alt=\"\" loading=\"eager\" style=\"\" srcset=\"http:\/\/transportescastaneda.com\/wp-content\/uploads\/2016\/03\/slide1.jpg 962w, http:\/\/transportescastaneda.com\/wp-content\/uploads\/2016\/03\/slide1-300x117.jpg 300w, http:\/\/transportescastaneda.com\/wp-content\/uploads\/2016\/03\/slide1-768x300.jpg 768w, http:\/\/transportescastaneda.com\/wp-content\/uploads\/2016\/03\/slide1-150x59.jpg 150w\" sizes=\"(max-width: 962px) 100vw, 962px\" \/>\t\t\t\t\t<\/div>\n\t\t\t\t\t\t\t\t\t<\/div>\n\t\t\t<\/div>\n\t\t\t\t\t<\/li>\n\t\t\t\t<li class=\"sow-slider-image\" style=\"\" >\n\t\t\t\t\t\t<div class=\"sow-slider-image-container\">\n\t\t\t\t<div class=\"sow-slider-image-wrapper\" style=\"max-width: 962px\">\n\t\t\t\t\t\t\t\t\t\t<div class=\"sow-slider-image-foreground-wrapper\">\n\t\t\t\t\t\t<img width=\"962\" height=\"376\" src=\"http:\/\/transportescastaneda.com\/wp-content\/uploads\/2016\/03\/slide2.jpg\" class=\"sow-slider-foreground-image skip-lazy\" alt=\"\" loading=\"eager\" style=\"\" srcset=\"http:\/\/transportescastaneda.com\/wp-content\/uploads\/2016\/03\/slide2.jpg 962w, http:\/\/transportescastaneda.com\/wp-content\/uploads\/2016\/03\/slide2-300x117.jpg 300w, http:\/\/transportescastaneda.com\/wp-content\/uploads\/2016\/03\/slide2-768x300.jpg 768w, http:\/\/transportescastaneda.com\/wp-content\/uploads\/2016\/03\/slide2-150x59.jpg 150w\" sizes=\"(max-width: 962px) 100vw, 962px\" \/>\t\t\t\t\t<\/div>\n\t\t\t\t\t\t\t\t\t<\/div>\n\t\t\t<\/div>\n\t\t\t\t\t<\/li>\n\t\t\t\t<li class=\"sow-slider-image\" style=\"\" >\n\t\t\t\t\t\t<div class=\"sow-slider-image-container\">\n\t\t\t\t<div class=\"sow-slider-image-wrapper\" style=\"max-width: 962px\">\n\t\t\t\t\t\t\t\t\t\t<div class=\"sow-slider-image-foreground-wrapper\">\n\t\t\t\t\t\t<img width=\"962\" height=\"376\" src=\"http:\/\/transportescastaneda.com\/wp-content\/uploads\/2016\/03\/slide3.jpg\" class=\"sow-slider-foreground-image skip-lazy\" alt=\"\" loading=\"eager\" style=\"\" srcset=\"http:\/\/transportescastaneda.com\/wp-content\/uploads\/2016\/03\/slide3.jpg 962w, http:\/\/transportescastaneda.com\/wp-content\/uploads\/2016\/03\/slide3-300x117.jpg 300w, http:\/\/transportescastaneda.com\/wp-content\/uploads\/2016\/03\/slide3-768x300.jpg 768w, http:\/\/transportescastaneda.com\/wp-content\/uploads\/2016\/03\/slide3-150x59.jpg 150w\" sizes=\"(max-width: 962px) 100vw, 962px\" \/>\t\t\t\t\t<\/div>\n\t\t\t\t\t\t\t\t\t<\/div>\n\t\t\t<\/div>\n\t\t\t\t\t<\/li>\n\t\t\t\t<li class=\"sow-slider-image\" style=\"\" >\n\t\t\t\t\t\t<div class=\"sow-slider-image-container\">\n\t\t\t\t<div class=\"sow-slider-image-wrapper\" style=\"max-width: 962px\">\n\t\t\t\t\t\t\t\t\t\t<div class=\"sow-slider-image-foreground-wrapper\">\n\t\t\t\t\t\t<img width=\"962\" height=\"376\" src=\"http:\/\/transportescastaneda.com\/wp-content\/uploads\/2016\/03\/slide4.jpg\" class=\"sow-slider-foreground-image skip-lazy\" alt=\"\" loading=\"eager\" style=\"\" srcset=\"http:\/\/transportescastaneda.com\/wp-content\/uploads\/2016\/03\/slide4.jpg 962w, http:\/\/transportescastaneda.com\/wp-content\/uploads\/2016\/03\/slide4-300x117.jpg 300w, http:\/\/transportescastaneda.com\/wp-content\/uploads\/2016\/03\/slide4-768x300.jpg 768w, http:\/\/transportescastaneda.com\/wp-content\/uploads\/2016\/03\/slide4-150x59.jpg 150w\" sizes=\"(max-width: 962px) 100vw, 962px\" \/>\t\t\t\t\t<\/div>\n\t\t\t\t\t\t\t\t\t<\/div>\n\t\t\t<\/div>\n\t\t\t\t\t<\/li>\n\t\t\t\t<li class=\"sow-slider-image\" style=\"\" >\n\t\t\t\t\t\t<div class=\"sow-slider-image-container\">\n\t\t\t\t<div class=\"sow-slider-image-wrapper\" style=\"max-width: 962px\">\n\t\t\t\t\t\t\t\t\t\t<div class=\"sow-slider-image-foreground-wrapper\">\n\t\t\t\t\t\t<img width=\"962\" height=\"376\" src=\"http:\/\/transportescastaneda.com\/wp-content\/uploads\/2016\/03\/slide5.jpg\" class=\"sow-slider-foreground-image skip-lazy\" alt=\"\" loading=\"eager\" style=\"\" srcset=\"http:\/\/transportescastaneda.com\/wp-content\/uploads\/2016\/03\/slide5.jpg 962w, http:\/\/transportescastaneda.com\/wp-content\/uploads\/2016\/03\/slide5-300x117.jpg 300w, http:\/\/transportescastaneda.com\/wp-content\/uploads\/2016\/03\/slide5-768x300.jpg 768w, http:\/\/transportescastaneda.com\/wp-content\/uploads\/2016\/03\/slide5-150x59.jpg 150w\" sizes=\"(max-width: 962px) 100vw, 962px\" \/>\t\t\t\t\t<\/div>\n\t\t\t\t\t\t\t\t\t<\/div>\n\t\t\t<\/div>\n\t\t\t\t\t<\/li>\n\t\t\t\t<li class=\"sow-slider-image\" style=\"\" >\n\t\t\t\t\t\t<div class=\"sow-slider-image-container\">\n\t\t\t\t<div class=\"sow-slider-image-wrapper\" style=\"max-width: 962px\">\n\t\t\t\t\t\t\t\t\t\t<div class=\"sow-slider-image-foreground-wrapper\">\n\t\t\t\t\t\t<img width=\"962\" height=\"376\" src=\"http:\/\/transportescastaneda.com\/wp-content\/uploads\/2016\/03\/slide6.jpg\" class=\"sow-slider-foreground-image skip-lazy\" alt=\"\" loading=\"eager\" style=\"\" srcset=\"http:\/\/transportescastaneda.com\/wp-content\/uploads\/2016\/03\/slide6.jpg 962w, http:\/\/transportescastaneda.com\/wp-content\/uploads\/2016\/03\/slide6-300x117.jpg 300w, http:\/\/transportescastaneda.com\/wp-content\/uploads\/2016\/03\/slide6-768x300.jpg 768w, http:\/\/transportescastaneda.com\/wp-content\/uploads\/2016\/03\/slide6-150x59.jpg 150w\" sizes=\"(max-width: 962px) 100vw, 962px\" \/>\t\t\t\t\t<\/div>\n\t\t\t\t\t\t\t\t\t<\/div>\n\t\t\t<\/div>\n\t\t\t\t\t<\/li>\n\t\t<\/ul>\t\t\t\t<ol class=\"sow-slider-pagination\">\n\t\t\t\t\t\t\t\t\t\t\t<li><a href=\"#\" data-goto=\"0\" aria-label=\"display slide 1\"><\/a><\/li>\n\t\t\t\t\t\t\t\t\t\t\t<li><a href=\"#\" data-goto=\"1\" aria-label=\"display slide 2\"><\/a><\/li>\n\t\t\t\t\t\t\t\t\t\t\t<li><a href=\"#\" data-goto=\"2\" aria-label=\"display slide 3\"><\/a><\/li>\n\t\t\t\t\t\t\t\t\t\t\t<li><a href=\"#\" data-goto=\"3\" aria-label=\"display slide 4\"><\/a><\/li>\n\t\t\t\t\t\t\t\t\t\t\t<li><a href=\"#\" data-goto=\"4\" aria-label=\"display slide 5\"><\/a><\/li>\n\t\t\t\t\t\t\t\t\t\t\t<li><a href=\"#\" data-goto=\"5\" aria-label=\"display slide 6\"><\/a><\/li>\n\t\t\t\t\t\t\t\t\t<\/ol>\n\n\t\t\t\t<div class=\"sow-slide-nav sow-slide-nav-next\">\n\t\t\t\t\t<a href=\"#\" data-goto=\"next\" aria-label=\"next slide\" data-action=\"next\">\n\t\t\t\t\t\t<em class=\"sow-sld-icon-thin-right\"><\/em>\n\t\t\t\t\t<\/a>\n\t\t\t\t<\/div>\n\n\t\t\t\t<div class=\"sow-slide-nav sow-slide-nav-prev\">\n\t\t\t\t\t<a href=\"#\" data-goto=\"previous\" aria-label=\"previous slide\" data-action=\"prev\">\n\t\t\t\t\t\t<em class=\"sow-sld-icon-thin-left\"><\/em>\n\t\t\t\t\t<\/a>\n\t\t\t\t<\/div>\n\t\t\t\t<\/div><\/div><\/div><\/div><\/div><div id=\"pg-471-2\"  class=\"panel-grid panel-no-style\" ><div id=\"pgc-471-2-0\"  class=\"panel-grid-cell panel-grid-cell-empty\" ><\/div><\/div><div id=\"pg-471-3\"  class=\"panel-grid panel-no-style\" ><div id=\"pgc-471-3-0\"  class=\"panel-grid-cell panel-grid-cell-empty\" ><\/div><\/div><div id=\"pg-471-4\"  class=\"panel-grid panel-no-style\" ><div id=\"pgc-471-4-0\"  class=\"panel-grid-cell\" ><div id=\"panel-471-4-0-0\" class=\"so-panel widget widget_sow-image panel-first-child panel-last-child\" data-index=\"1\" ><div class=\"so-widget-sow-image so-widget-sow-image-default-2ec334f0a340-471\">\n\n<div class=\"sow-image-container\">\n\t\t\t<a\n\t\t\thref=\"http:\/\/transportescastaneda.com\/en\/quienes-somos\/\"\n\t\t\t\t\t>\n\t\t\t<img src=\"http:\/\/transportescastaneda.com\/wp-content\/uploads\/2017\/12\/slide6-125x125.jpg\" width=\"125\" height=\"125\" sizes=\"(max-width: 125px) 100vw, 125px\" title=\"slide6-125&#215;125\" alt=\"\" loading=\"lazy\" \t\tclass=\"so-widget-image\"\/>\n\t<\/a><\/div>\n\n<\/div><\/div><\/div><div id=\"pgc-471-4-1\"  class=\"panel-grid-cell\" ><div id=\"panel-471-4-1-0\" class=\"so-panel widget widget_sow-editor panel-first-child panel-last-child\" data-index=\"2\" ><div class=\"so-widget-sow-editor so-widget-sow-editor-base\">\n<div class=\"siteorigin-widget-tinymce textwidget\">\n\t<p><a href=\"http:\/\/transportescastaneda.com\/quienes-somos\/\"><\/p>\n<h4 style=\"text-align: left;\">Qui\u00e9nes somos<\/h4>\n<p style=\"text-align: left;\">Transportes Casta\u00f1eda inici\u00f3 operaciones en 1986. Nace de la necesidad de...<\/p>\n<p><\/a><\/p>\n<\/div>\n<\/div><\/div><\/div><div id=\"pgc-471-4-2\"  class=\"panel-grid-cell panel-grid-cell-empty\" ><\/div><div id=\"pgc-471-4-3\"  class=\"panel-grid-cell\" ><div id=\"panel-471-4-3-0\" class=\"so-panel widget widget_sow-image panel-first-child panel-last-child\" data-index=\"3\" ><div class=\"so-widget-sow-image so-widget-sow-image-default-2ec334f0a340-471\">\n\n<div class=\"sow-image-container\">\n\t\t\t<a\n\t\t\thref=\"http:\/\/transportescastaneda.com\/en\/formularios\/\"\n\t\t\t\t\t>\n\t\t\t<img src=\"http:\/\/transportescastaneda.com\/wp-content\/uploads\/2017\/12\/contacto-125x125.jpg\" width=\"125\" height=\"125\" sizes=\"(max-width: 125px) 100vw, 125px\" title=\"contacto-125&#215;125\" alt=\"\" loading=\"lazy\" \t\tclass=\"so-widget-image\"\/>\n\t<\/a><\/div>\n\n<\/div><\/div><\/div><div id=\"pgc-471-4-4\"  class=\"panel-grid-cell\" ><div id=\"panel-471-4-4-0\" class=\"so-panel widget widget_sow-editor panel-first-child panel-last-child\" data-index=\"4\" ><div class=\"so-widget-sow-editor so-widget-sow-editor-base\">\n<div class=\"siteorigin-widget-tinymce textwidget\">\n\t<p><a href=\"http:\/\/transportescastaneda.com\/formularios\/\"><\/p>\n<h4 style=\"text-align: left;\">Formularios<\/h4>\n<p style=\"text-align: left;\">Si es la primera vez que nos contacta o requiere de nuestros servicios de...<\/p>\n<p><\/a><\/p>\n<\/div>\n<\/div><\/div><\/div><div id=\"pgc-471-4-5\"  class=\"panel-grid-cell panel-grid-cell-empty\" ><\/div><div id=\"pgc-471-4-6\"  class=\"panel-grid-cell\" ><div id=\"panel-471-4-6-0\" class=\"so-panel widget widget_sow-image panel-first-child panel-last-child\" data-index=\"5\" ><div class=\"so-widget-sow-image so-widget-sow-image-default-2ec334f0a340-471\">\n\n<div class=\"sow-image-container\">\n\t\t\t<a\n\t\t\thref=\"http:\/\/transportescastaneda.com\/en\/galeria\/\"\n\t\t\t\t\t>\n\t\t\t<img src=\"http:\/\/transportescastaneda.com\/wp-content\/uploads\/2017\/12\/Clipboard01-1-125x125.jpg\" width=\"125\" height=\"125\" sizes=\"(max-width: 125px) 100vw, 125px\" title=\"Clipboard01-1-125&#215;125\" alt=\"\" loading=\"lazy\" \t\tclass=\"so-widget-image\"\/>\n\t<\/a><\/div>\n\n<\/div><\/div><\/div><div id=\"pgc-471-4-7\"  class=\"panel-grid-cell\" ><div id=\"panel-471-4-7-0\" class=\"so-panel widget widget_sow-editor panel-first-child panel-last-child\" data-index=\"6\" ><div class=\"so-widget-sow-editor so-widget-sow-editor-base\">\n<div class=\"siteorigin-widget-tinymce textwidget\">\n\t<p><a href=\"http:\/\/transportescastaneda.com\/galeria\/\"><\/p>\n<h4 style=\"text-align: left;\">Galer\u00edas<\/h4>\n<p style=\"text-align: left;\">Consulte nuestras galer\u00edas de fotos y v\u00eddeos. S\u00edganos en Instagram y YouTube<\/p>\n<p><\/a><\/p>\n<\/div>\n<\/div><\/div><\/div><\/div><div id=\"pg-471-5\"  class=\"panel-grid panel-no-style\" ><div id=\"pgc-471-5-0\"  class=\"panel-grid-cell\" ><div id=\"panel-471-5-0-0\" class=\"so-panel widget widget_sow-editor panel-first-child panel-last-child\" data-index=\"7\" ><div class=\"so-widget-sow-editor so-widget-sow-editor-base\">\n<div class=\"siteorigin-widget-tinymce textwidget\">\n\t<h2 style=\"text-align: center;\">Bienvenidos a Transportes Casta\u00f1eda<\/h2>\n<p style=\"text-align: center;\">TCA es una empresa de transporte de maquinaria pesada y carga especial; <br \/>con m\u00e1s de 20 a\u00f1os de experiencia es una de las empresas pioneras en su rama en toda Centroam\u00e9rica.<\/p>\n<p style=\"text-align: center;\">TCA le ofrece un servicio personalizado, de calidad y con el equipo adecuado <br \/>para el transporte de su carga.<\/p>\n<\/div>\n<\/div><\/div><\/div><\/div><div id=\"pg-471-6\"  class=\"panel-grid panel-no-style\" ><div id=\"pgc-471-6-0\"  class=\"panel-grid-cell panel-grid-cell-empty\" ><\/div><\/div><\/div>","protected":false},"excerpt":{"rendered":"<p>Provide a c<\/p>\n","protected":false},"author":4,"featured_media":4,"parent":0,"menu_order":1,"comment_status":"closed","ping_status":"closed","template":"","meta":[],"_links":{"self":[{"href":"http:\/\/transportescastaneda.com\/en\/wp-json\/wp\/v2\/pages\/471"}],"collection":[{"href":"http:\/\/transportescastaneda.com\/en\/wp-json\/wp\/v2\/pages"}],"about":[{"href":"http:\/\/transportescastaneda.com\/en\/wp-json\/wp\/v2\/types\/page"}],"author":[{"embeddable":true,"href":"http:\/\/transportescastaneda.com\/en\/wp-json\/wp\/v2\/users\/4"}],"replies":[{"embeddable":true,"href":"http:\/\/transportescastaneda.com\/en\/wp-json\/wp\/v2\/comments?post=471"}],"version-history":[{"count":30,"href":"http:\/\/transportescastaneda.com\/en\/wp-json\/wp\/v2\/pages\/471\/revisions"}],"predecessor-version":[{"id":480,"href":"http:\/\/transportescastaneda.com\/en\/wp-json\/wp\/v2\/pages\/471\/revisions\/480"}],"wp:featuredmedia":[{"embeddable":true,"href":"http:\/\/transportescastaneda.com\/en\/wp-json\/wp\/v2\/media\/4"}],"wp:attachment":[{"href":"http:\/\/transportescastaneda.com\/en\/wp-json\/wp\/v2\/media?parent=471"}],"curies":[{"name":"wp","href":"https:\/\/api.w.org\/{rel}","templated":true}]}}